{"id":484,"date":"2025-01-27T16:16:38","date_gmt":"2025-01-27T16:16:38","guid":{"rendered":"http:\/\/2025.schuetzen-mehlbruch.de\/?page_id=484"},"modified":"2025-02-03T14:05:14","modified_gmt":"2025-02-03T14:05:14","slug":"links","status":"publish","type":"page","link":"https:\/\/schuetzen-mehlbruch.de\/?page_id=484","title":{"rendered":"Links"},"content":{"rendered":"\n<p><a href=\"http:\/\/www.kklangenfeld.de\/\" target=\"_blank\" rel=\"noreferrer noopener\">Kath.Kirchengemeinde Langenfeld<\/a><\/p>\n\n\n\n<p><a href=\"http:\/\/www.reusratherschuetzen.de\/\" target=\"_blank\" rel=\"noreferrer noopener\">St. Sebastianus Sch\u00fctzenbruderschaft Reusrath e.V.<\/a><\/p>\n\n\n\n<p><a href=\"http:\/\/www.schuetzenverein-langenfeld1834.de\/\" target=\"_blank\" rel=\"noreferrer noopener\">Sch\u00fctzenverein Langenfeld 1834 e.V.<\/a><\/p>\n\n\n\n<p><a href=\"http:\/\/www.immigrather-schuetzen.de\/\" target=\"_blank\" rel=\"noreferrer noopener\">St. Sebastianus Sch\u00fctzenbruderschaft Langenfeld-Immigrath e. V.<\/a><\/p>\n\n\n\n<p><a href=\"http:\/\/www.richrather-schuetzen.de\/\" target=\"_blank\" rel=\"noreferrer noopener\">St. Sebastianus Sch\u00fctzenbruderschaft Richrath 1870 e.V.<\/a><\/p>\n\n\n\n<p><a href=\"http:\/\/www.sv-landwehr.de\/\" target=\"_blank\" rel=\"noreferrer noopener\">Sch\u00fctzenverein Landwehr 1913 e.V.<\/a><\/p>\n\n\n\n<p><a href=\"http:\/\/www.bund-bruderschaften.de\/\" target=\"_blank\" rel=\"noreferrer noopener\">Bund der Historischen Deutschen Sch\u00fctzenbruderschaften K\u00f6ln e.V.<\/a><\/p>\n\n\n\n<p><a href=\"http:\/\/www.rhein-wupper-leverkusen.de\/\" target=\"_blank\" rel=\"noreferrer noopener\">Bezirksverband Rhein-Wupper-Leverkusen 1925 e.V.<\/a><\/p>\n","protected":false},"excerpt":{"rendered":"<p>Kath.Kirchengemeinde Langenfeld St. Sebastianus Sch\u00fctzenbruderschaft Reusrath e.V. Sch\u00fctzenverein Langenfeld 1834 e.V. St. Sebastianus Sch\u00fctzenbruderschaft Langenfeld-Immigrath e. V. St. Sebastianus Sch\u00fctzenbruderschaft Richrath 1870 e.V. Sch\u00fctzenverein Landwehr 1913 e.V. Bund der Historischen Deutschen Sch\u00fctzenbruderschaften K\u00f6ln e.V. Bezirksverband Rhein-Wupper-Leverkusen 1925 e.V.<\/p>\n","protected":false},"author":1,"featured_media":0,"parent":0,"menu_order":0,"comment_status":"closed","ping_status":"closed","template":"","meta":{"footnotes":""},"class_list":["post-484","page","type-page","status-publish","hentry"],"featured_media_urls":[],"_links":{"self":[{"href":"https:\/\/schuetzen-mehlbruch.de\/index.php?rest_route=\/wp\/v2\/pages\/484","targetHints":{"allow":["GET"]}}],"collection":[{"href":"https:\/\/schuetzen-mehlbruch.de\/index.php?rest_route=\/wp\/v2\/pages"}],"about":[{"href":"https:\/\/schuetzen-mehlbruch.de\/index.php?rest_route=\/wp\/v2\/types\/page"}],"author":[{"embeddable":true,"href":"https:\/\/schuetzen-mehlbruch.de\/index.php?rest_route=\/wp\/v2\/users\/1"}],"replies":[{"embeddable":true,"href":"https:\/\/schuetzen-mehlbruch.de\/index.php?rest_route=%2Fwp%2Fv2%2Fcomments&post=484"}],"version-history":[{"count":3,"href":"https:\/\/schuetzen-mehlbruch.de\/index.php?rest_route=\/wp\/v2\/pages\/484\/revisions"}],"predecessor-version":[{"id":900,"href":"https:\/\/schuetzen-mehlbruch.de\/index.php?rest_route=\/wp\/v2\/pages\/484\/revisions\/900"}],"wp:attachment":[{"href":"https:\/\/schuetzen-mehlbruch.de\/index.php?rest_route=%2Fwp%2Fv2%2Fmedia&parent=484"}],"curies":[{"name":"wp","href":"https:\/\/api.w.org\/{rel}","templated":true}]}}