{"id":477,"date":"2025-01-27T15:06:37","date_gmt":"2025-01-27T15:06:37","guid":{"rendered":"http:\/\/2025.schuetzen-mehlbruch.de\/?page_id=477"},"modified":"2025-02-03T13:08:18","modified_gmt":"2025-02-03T13:08:18","slug":"jungschuetzen","status":"publish","type":"page","link":"https:\/\/schuetzen-mehlbruch.de\/?page_id=477","title":{"rendered":"Jungsch\u00fctzen"},"content":{"rendered":"\n<p>Durch Beschlu\u00df der Mitgliederversammlung vom 24.07.1927 wurde die Jungsch\u00fctzenabteilung gegr\u00fcndet. Somit z\u00e4hlt sie zu den \u00e4ltesten Jungsch\u00fctzenabteilungen des Bundes der Deutschen Historischen Sch\u00fctzenbruderschaften. Nachdem zu den Anf\u00e4ngen nur junge M\u00e4nner ab 17 Jahren Mitglied werden konnten, k\u00f6nnen seit 1977 auch M\u00e4dchen der Abteilung beitreten. Die untere Altersgrenze verschob sich im laufe der Jahre soweit, dass auch schon Kleinkinder Mitglied sind. Die Aktivit\u00e4ten unserer Jugend beschr\u00e4nkt sich nicht nur auf Schie\u00dfen; man nimmt an den Sch\u00fctzenfesten der befreundeten Bruderschaften teil, macht einmal im Jahr einen gemeinsamen Wochenendtrip, geht hin und wieder Sonntagsmorgens Wasserski fahren, trifft sich zum kl\u00f6nen, feiert im Rahmen des &#8222;Familienfests&#8220; ein Herbsfest, hat eine Tanzgruppe gebildet und erwartet gemeinsam den Nikolaus. Diese und weitere Freizeitgestaltung macht die Jungsch\u00fctzenabteilung zu einer lebendigen und attraktiven Gruppe, in der sich zur Zeit ca 60 Kinder, Jugendliche und Heranwachsende wohlf\u00fchlen.<\/p>\n\n\n\n<figure class=\"wp-block-image size-full\"><img loading=\"lazy\" decoding=\"async\" width=\"768\" height=\"437\" src=\"https:\/\/schuetzen-mehlbruch.de\/wp-content\/uploads\/2024\/09\/26a7c250-df29-44bb-84c2-ad762810b437-225x300-1-e1738588088852.jpeg\" alt=\"\" class=\"wp-image-504\" srcset=\"https:\/\/schuetzen-mehlbruch.de\/wp-content\/uploads\/2024\/09\/26a7c250-df29-44bb-84c2-ad762810b437-225x300-1-e1738588088852.jpeg 768w, https:\/\/schuetzen-mehlbruch.de\/wp-content\/uploads\/2024\/09\/26a7c250-df29-44bb-84c2-ad762810b437-225x300-1-e1738588088852-300x171.jpeg 300w, https:\/\/schuetzen-mehlbruch.de\/wp-content\/uploads\/2024\/09\/26a7c250-df29-44bb-84c2-ad762810b437-225x300-1-e1738588088852-600x341.jpeg 600w\" sizes=\"auto, (max-width: 768px) 100vw, 768px\" \/><\/figure>\n","protected":false},"excerpt":{"rendered":"<p>Durch Beschlu\u00df der Mitgliederversammlung vom 24.07.1927 wurde die Jungsch\u00fctzenabteilung gegr\u00fcndet. Somit z\u00e4hlt sie zu den \u00e4ltesten Jungsch\u00fctzenabteilungen des Bundes der Deutschen Historischen Sch\u00fctzenbruderschaften. Nachdem zu den Anf\u00e4ngen nur junge M\u00e4nner ab 17 Jahren Mitglied werden konnten, k\u00f6nnen seit 1977 auch M\u00e4dchen der Abteilung beitreten. Die untere Altersgrenze verschob sich im laufe der Jahre soweit, dass auch schon Kleinkinder Mitglied sind. Die Aktivit\u00e4ten unserer Jugend beschr\u00e4nkt sich nicht nur auf Schie\u00dfen; man nimmt an den Sch\u00fctzenfesten der befreundeten Bruderschaften teil, macht einmal im Jahr einen gemeinsamen Wochenendtrip, geht hin und wieder Sonntagsmorgens Wasserski fahren, trifft sich zum kl\u00f6nen, feiert im Rahmen des &#8222;Familienfests&#8220; ein Herbsfest, hat eine Tanzgruppe gebildet und erwartet gemeinsam den Nikolaus. Diese und weitere Freizeitgestaltung macht die Jungsch\u00fctzenabteilung zu einer lebendigen und attraktiven Gruppe, in der sich zur Zeit ca 60 Kinder, Jugendliche und Heranwachsende wohlf\u00fchlen.<\/p>\n","protected":false},"author":1,"featured_media":0,"parent":34,"menu_order":0,"comment_status":"closed","ping_status":"closed","template":"","meta":{"footnotes":""},"class_list":["post-477","page","type-page","status-publish","hentry"],"featured_media_urls":[],"_links":{"self":[{"href":"https:\/\/schuetzen-mehlbruch.de\/index.php?rest_route=\/wp\/v2\/pages\/477","targetHints":{"allow":["GET"]}}],"collection":[{"href":"https:\/\/schuetzen-mehlbruch.de\/index.php?rest_route=\/wp\/v2\/pages"}],"about":[{"href":"https:\/\/schuetzen-mehlbruch.de\/index.php?rest_route=\/wp\/v2\/types\/page"}],"author":[{"embeddable":true,"href":"https:\/\/schuetzen-mehlbruch.de\/index.php?rest_route=\/wp\/v2\/users\/1"}],"replies":[{"embeddable":true,"href":"https:\/\/schuetzen-mehlbruch.de\/index.php?rest_route=%2Fwp%2Fv2%2Fcomments&post=477"}],"version-history":[{"count":2,"href":"https:\/\/schuetzen-mehlbruch.de\/index.php?rest_route=\/wp\/v2\/pages\/477\/revisions"}],"predecessor-version":[{"id":567,"href":"https:\/\/schuetzen-mehlbruch.de\/index.php?rest_route=\/wp\/v2\/pages\/477\/revisions\/567"}],"up":[{"embeddable":true,"href":"https:\/\/schuetzen-mehlbruch.de\/index.php?rest_route=\/wp\/v2\/pages\/34"}],"wp:attachment":[{"href":"https:\/\/schuetzen-mehlbruch.de\/index.php?rest_route=%2Fwp%2Fv2%2Fmedia&parent=477"}],"curies":[{"name":"wp","href":"https:\/\/api.w.org\/{rel}","templated":true}]}}