{"id":474,"date":"2025-01-27T15:04:28","date_gmt":"2025-01-27T15:04:28","guid":{"rendered":"http:\/\/2025.schuetzen-mehlbruch.de\/?page_id=474"},"modified":"2025-01-27T15:05:02","modified_gmt":"2025-01-27T15:05:02","slug":"schiessfrauen","status":"publish","type":"page","link":"https:\/\/schuetzen-mehlbruch.de\/?page_id=474","title":{"rendered":"Schiessfrauen"},"content":{"rendered":"\n<p>Vor \u00fcber 30 Jahren wurde durch die K\u00f6niginnen Doris Kittel (1979\/80) und Margret Jenniges (1980\/81) im ehemaligen Bruderhaus&nbsp;<em>\u201eZur Schwemmkaul\u201c<\/em>, unsere Frauenschie\u00dfgruppe, kurz \u201eSchie\u00dffrauen\u201c gegr\u00fcndet. . Sie treffen sich seitdem einmal im Monat zu einem geselligen Nachmittag bei Kaffee und Kuchen. In den Abendstunden wird dann ein Imbiss und Kaltgetr\u00e4nke gereicht. Dabei kommt selbstverst\u00e4ndlich auch das Schie\u00dfen nicht zu kurz. Unter Aufsicht unseres Schie\u00dfmeisters zeigen die Schie\u00dffrauen ihre Schie\u00dfk\u00fcnste.<\/p>\n\n\n\n<p>Regelm\u00e4\u00dfig unternehmen die Frauen Ausfl\u00fcge in die n\u00e4here Umgebung. Im Programm steht seit einigen Jahren auch der Besuch eines Weihnachtsmarktes. Dar\u00fcber hinaus sind unsere Schie\u00dffrauen seit vielen Jahren eine feste Gr\u00f6\u00dfe im Langenfelder Karnevalszug. F\u00fcr dieses Engagement hat die Truppe schon einige Preise f\u00fcr ihre sch\u00f6nen Kost\u00fcme bekommen.<\/p>\n\n\n\n<p>Unsere Schie\u00dffrauen-Gruppe ist auch immer ein Garant f\u00fcr Zuverl\u00e4ssigkeit, was die Versorgung mit Kuchenspenden f\u00fcr zahlreiche Sch\u00fctzenveranstaltungen betrifft, wie beispielsweise den Seniorennachmittag oder den K\u00f6niginnenkaffee. Die Damen erg\u00e4nzen in ganz hervorragender Weise den \u201eM\u00e4nnerclub\u201c von Altsch\u00fctzen sowie die Jung- und Sch\u00fclersch\u00fctzen und bilden zusammen mit den \u00fcbrigen Ehefrauen und Freundinnen und selbstverst\u00e4ndlich den Sch\u00fctzenwitwen erst die gro\u00dfe Sch\u00fctzenfamilie, die die St. Hubertus Sch\u00fctzenbruderschaft auszeichnet.<\/p>\n","protected":false},"excerpt":{"rendered":"<p>Vor \u00fcber 30 Jahren wurde durch die K\u00f6niginnen Doris Kittel (1979\/80) und Margret Jenniges (1980\/81) im ehemaligen Bruderhaus&nbsp;\u201eZur Schwemmkaul\u201c, unsere Frauenschie\u00dfgruppe, kurz \u201eSchie\u00dffrauen\u201c gegr\u00fcndet. . Sie treffen sich seitdem einmal im Monat zu einem geselligen Nachmittag bei Kaffee und Kuchen. In den Abendstunden wird dann ein Imbiss und Kaltgetr\u00e4nke gereicht. Dabei kommt selbstverst\u00e4ndlich auch das Schie\u00dfen nicht zu kurz. Unter Aufsicht unseres Schie\u00dfmeisters zeigen die Schie\u00dffrauen ihre Schie\u00dfk\u00fcnste. Regelm\u00e4\u00dfig unternehmen die Frauen Ausfl\u00fcge in die n\u00e4here Umgebung. Im Programm steht seit einigen Jahren auch der Besuch eines Weihnachtsmarktes. Dar\u00fcber hinaus sind unsere Schie\u00dffrauen seit vielen Jahren eine feste Gr\u00f6\u00dfe im Langenfelder Karnevalszug. F\u00fcr dieses Engagement hat die Truppe schon einige Preise f\u00fcr ihre sch\u00f6nen Kost\u00fcme bekommen. Unsere Schie\u00dffrauen-Gruppe ist auch immer ein Garant f\u00fcr Zuverl\u00e4ssigkeit, was die Versorgung mit Kuchenspenden f\u00fcr zahlreiche Sch\u00fctzenveranstaltungen betrifft, wie beispielsweise den Seniorennachmittag oder den K\u00f6niginnenkaffee. Die Damen erg\u00e4nzen in ganz hervorragender Weise den \u201eM\u00e4nnerclub\u201c von Altsch\u00fctzen sowie die Jung- und Sch\u00fclersch\u00fctzen und bilden zusammen mit den \u00fcbrigen Ehefrauen und Freundinnen und selbstverst\u00e4ndlich den Sch\u00fctzenwitwen erst die gro\u00dfe Sch\u00fctzenfamilie, die die St. Hubertus Sch\u00fctzenbruderschaft auszeichnet.<\/p>\n","protected":false},"author":1,"featured_media":0,"parent":34,"menu_order":0,"comment_status":"closed","ping_status":"closed","template":"","meta":{"footnotes":""},"class_list":["post-474","page","type-page","status-publish","hentry"],"featured_media_urls":[],"_links":{"self":[{"href":"https:\/\/schuetzen-mehlbruch.de\/index.php?rest_route=\/wp\/v2\/pages\/474","targetHints":{"allow":["GET"]}}],"collection":[{"href":"https:\/\/schuetzen-mehlbruch.de\/index.php?rest_route=\/wp\/v2\/pages"}],"about":[{"href":"https:\/\/schuetzen-mehlbruch.de\/index.php?rest_route=\/wp\/v2\/types\/page"}],"author":[{"embeddable":true,"href":"https:\/\/schuetzen-mehlbruch.de\/index.php?rest_route=\/wp\/v2\/users\/1"}],"replies":[{"embeddable":true,"href":"https:\/\/schuetzen-mehlbruch.de\/index.php?rest_route=%2Fwp%2Fv2%2Fcomments&post=474"}],"version-history":[{"count":1,"href":"https:\/\/schuetzen-mehlbruch.de\/index.php?rest_route=\/wp\/v2\/pages\/474\/revisions"}],"predecessor-version":[{"id":475,"href":"https:\/\/schuetzen-mehlbruch.de\/index.php?rest_route=\/wp\/v2\/pages\/474\/revisions\/475"}],"up":[{"embeddable":true,"href":"https:\/\/schuetzen-mehlbruch.de\/index.php?rest_route=\/wp\/v2\/pages\/34"}],"wp:attachment":[{"href":"https:\/\/schuetzen-mehlbruch.de\/index.php?rest_route=%2Fwp%2Fv2%2Fmedia&parent=474"}],"curies":[{"name":"wp","href":"https:\/\/api.w.org\/{rel}","templated":true}]}}