{"id":471,"date":"2025-01-27T15:01:09","date_gmt":"2025-01-27T15:01:09","guid":{"rendered":"http:\/\/2025.schuetzen-mehlbruch.de\/?page_id=471"},"modified":"2025-01-27T15:01:38","modified_gmt":"2025-01-27T15:01:38","slug":"freundeskreis","status":"publish","type":"page","link":"https:\/\/schuetzen-mehlbruch.de\/?page_id=471","title":{"rendered":"Freundeskreis"},"content":{"rendered":"\n<p>Sie interessieren sich f\u00fcrs Sch\u00fctzenwesen ?<br>Sie m\u00f6chten alles hautnah miterleben aber keine aktive Mitgliedschaft eingehen ?<br>Bei uns in Mehlbruch-Gieslenberg kein Problem! Seit einigen Jahren bietet die St. Hubertus Sch\u00fctzenbruderschaft Mehlbruch-Gieslenberg Freunden des Brauchtums eine tolle M\u00f6glichkeit, das Sch\u00fctzenwesen bei allen Vereinsveranstaltungen kennenzulernen und mitzuerleben.<\/p>\n\n\n\n<p>Ob Jung oder Alt, Frau oder Mann, der Freundeskreis (mittlerweile \u00fcber 35 Mitglieder stark) ist f\u00fcr all jene von Interesse, die sich f\u00fcr das Sch\u00fctzenwesen und die damit verbundene Gemeinschaft interessieren, nicht aber unbedingt eine Tracht tragen m\u00f6chten, an Umz\u00fcgen teilnehmen oder gar Sch\u00fctzenk\u00f6nig werden wollen. Findet man dann sp\u00e4ter doch heraus, dass der Beitritt zur Bruderschaft eine gute Sache w\u00e4re, ist das kein Problem und man wechselt einfach (von einer mehr passiven) in eine aktive Mitgliedschaft, zu der dann in der Regel auch die Tracht, bestehend aus gr\u00fcnem Rock und Federhut, geh\u00f6rt.<\/p>\n\n\n\n<p>F\u00fcr die Mitglieder des Freundeskreises wird bei unseren Er\u00f6ffnungs- und Familienschie\u00dfen ein Vogel \u201ef\u00fcr den Abschuss\u201c freigegeben.<br>Am Sch\u00fctzenfest-Sonntag gibt es eine weitere attraktive M\u00f6glichkeit, auf einen Vogel zu schie\u00dfen und sich die Ehre des&nbsp;<em><strong>Freundeskreis-K\u00f6nigs<\/strong><\/em>&nbsp;zu sichern.<\/p>\n\n\n\n<p>Wie gesagt, Mitglied im Freundeskreis zu werden lohnt sich, denn es besteht die M\u00f6glichkeit an allen Vereinsveranstaltungen, u.a. am Patronatsfest, der Bundesk\u00f6niginnentour oder aber dem Wochenendausflug der Jungsch\u00fctzen teilzunehmen.<br>Einige Mitglieder unseres Freundeskreises helfen auch aktiv bei der Vereinsarbeit mit, so z.B. beim Stadtfest in Langenfeld, wo wir in unserem Stand neben Getr\u00e4nken unsere ber\u00fchmten Reibekuchen und Champignons anbieten.<\/p>\n\n\n\n<p>Sprechen sie uns einfach an, denn wir freuen uns darauf, sie im Freundeskreis begr\u00fc\u00dfen zu d\u00fcrfen.<\/p>\n","protected":false},"excerpt":{"rendered":"<p>Sie interessieren sich f\u00fcrs Sch\u00fctzenwesen ?Sie m\u00f6chten alles hautnah miterleben aber keine aktive Mitgliedschaft eingehen ?Bei uns in Mehlbruch-Gieslenberg kein Problem! Seit einigen Jahren bietet die St. Hubertus Sch\u00fctzenbruderschaft Mehlbruch-Gieslenberg Freunden des Brauchtums eine tolle M\u00f6glichkeit, das Sch\u00fctzenwesen bei allen Vereinsveranstaltungen kennenzulernen und mitzuerleben. Ob Jung oder Alt, Frau oder Mann, der Freundeskreis (mittlerweile \u00fcber 35 Mitglieder stark) ist f\u00fcr all jene von Interesse, die sich f\u00fcr das Sch\u00fctzenwesen und die damit verbundene Gemeinschaft interessieren, nicht aber unbedingt eine Tracht tragen m\u00f6chten, an Umz\u00fcgen teilnehmen oder gar Sch\u00fctzenk\u00f6nig werden wollen. Findet man dann sp\u00e4ter doch heraus, dass der Beitritt zur Bruderschaft eine gute Sache w\u00e4re, ist das kein Problem und man wechselt einfach (von einer mehr passiven) in eine aktive Mitgliedschaft, zu der dann in der Regel auch die Tracht, bestehend aus gr\u00fcnem Rock und Federhut, geh\u00f6rt. F\u00fcr die Mitglieder des Freundeskreises wird bei unseren Er\u00f6ffnungs- und Familienschie\u00dfen ein Vogel \u201ef\u00fcr den Abschuss\u201c freigegeben.Am Sch\u00fctzenfest-Sonntag gibt es eine weitere attraktive M\u00f6glichkeit, auf einen Vogel zu schie\u00dfen und sich die Ehre des&nbsp;Freundeskreis-K\u00f6nigs&nbsp;zu sichern. Wie gesagt, Mitglied im Freundeskreis zu werden lohnt sich, denn es besteht die M\u00f6glichkeit an allen Vereinsveranstaltungen, u.a. am Patronatsfest, der Bundesk\u00f6niginnentour oder aber dem Wochenendausflug der Jungsch\u00fctzen teilzunehmen.Einige Mitglieder unseres Freundeskreises helfen auch aktiv bei der Vereinsarbeit mit, so z.B. beim Stadtfest in Langenfeld, wo wir in unserem Stand neben Getr\u00e4nken unsere ber\u00fchmten Reibekuchen und Champignons anbieten. Sprechen sie uns einfach an, denn wir freuen uns darauf, sie im Freundeskreis begr\u00fc\u00dfen zu d\u00fcrfen.<\/p>\n","protected":false},"author":1,"featured_media":0,"parent":34,"menu_order":0,"comment_status":"closed","ping_status":"closed","template":"","meta":{"footnotes":""},"class_list":["post-471","page","type-page","status-publish","hentry"],"featured_media_urls":[],"_links":{"self":[{"href":"https:\/\/schuetzen-mehlbruch.de\/index.php?rest_route=\/wp\/v2\/pages\/471","targetHints":{"allow":["GET"]}}],"collection":[{"href":"https:\/\/schuetzen-mehlbruch.de\/index.php?rest_route=\/wp\/v2\/pages"}],"about":[{"href":"https:\/\/schuetzen-mehlbruch.de\/index.php?rest_route=\/wp\/v2\/types\/page"}],"author":[{"embeddable":true,"href":"https:\/\/schuetzen-mehlbruch.de\/index.php?rest_route=\/wp\/v2\/users\/1"}],"replies":[{"embeddable":true,"href":"https:\/\/schuetzen-mehlbruch.de\/index.php?rest_route=%2Fwp%2Fv2%2Fcomments&post=471"}],"version-history":[{"count":1,"href":"https:\/\/schuetzen-mehlbruch.de\/index.php?rest_route=\/wp\/v2\/pages\/471\/revisions"}],"predecessor-version":[{"id":472,"href":"https:\/\/schuetzen-mehlbruch.de\/index.php?rest_route=\/wp\/v2\/pages\/471\/revisions\/472"}],"up":[{"embeddable":true,"href":"https:\/\/schuetzen-mehlbruch.de\/index.php?rest_route=\/wp\/v2\/pages\/34"}],"wp:attachment":[{"href":"https:\/\/schuetzen-mehlbruch.de\/index.php?rest_route=%2Fwp%2Fv2%2Fmedia&parent=471"}],"curies":[{"name":"wp","href":"https:\/\/api.w.org\/{rel}","templated":true}]}}