{"id":418,"date":"2024-11-07T13:13:06","date_gmt":"2024-11-07T13:13:06","guid":{"rendered":"http:\/\/2025.schuetzen-mehlbruch.de\/?page_id=418"},"modified":"2026-03-24T11:29:05","modified_gmt":"2026-03-24T11:29:05","slug":"vorstand","status":"publish","type":"page","link":"https:\/\/schuetzen-mehlbruch.de\/?page_id=418","title":{"rendered":"Vorstand"},"content":{"rendered":"\n<div class=\"wp-block-columns is-layout-flex wp-container-core-columns-is-layout-2 wp-block-columns-is-layout-flex\">\n<div class=\"wp-block-column is-layout-flow wp-block-column-is-layout-flow\" style=\"flex-basis:100%\">\n<div class=\"wp-block-columns is-layout-flex wp-container-core-columns-is-layout-1 wp-block-columns-is-layout-flex\">\n<div class=\"wp-block-column is-layout-flow wp-block-column-is-layout-flow\">\n<figure class=\"wp-block-image size-full is-style-rounded\"><a href=\"raimundus1954@t-online.de\"><img loading=\"lazy\" decoding=\"async\" width=\"1702\" height=\"2560\" src=\"https:\/\/schuetzen-mehlbruch.de\/wp-content\/uploads\/2025\/11\/DSC_0091-scaled.jpg\" alt=\"\" class=\"wp-image-1953\" srcset=\"https:\/\/schuetzen-mehlbruch.de\/wp-content\/uploads\/2025\/11\/DSC_0091-scaled.jpg 1702w, https:\/\/schuetzen-mehlbruch.de\/wp-content\/uploads\/2025\/11\/DSC_0091-199x300.jpg 199w, https:\/\/schuetzen-mehlbruch.de\/wp-content\/uploads\/2025\/11\/DSC_0091-681x1024.jpg 681w, https:\/\/schuetzen-mehlbruch.de\/wp-content\/uploads\/2025\/11\/DSC_0091-768x1155.jpg 768w, https:\/\/schuetzen-mehlbruch.de\/wp-content\/uploads\/2025\/11\/DSC_0091-1021x1536.jpg 1021w, https:\/\/schuetzen-mehlbruch.de\/wp-content\/uploads\/2025\/11\/DSC_0091-1362x2048.jpg 1362w, https:\/\/schuetzen-mehlbruch.de\/wp-content\/uploads\/2025\/11\/DSC_0091-1140x1715.jpg 1140w, https:\/\/schuetzen-mehlbruch.de\/wp-content\/uploads\/2025\/11\/DSC_0091-600x902.jpg 600w, https:\/\/schuetzen-mehlbruch.de\/wp-content\/uploads\/2025\/11\/DSC_0091-1200x1805.jpg 1200w\" sizes=\"auto, (max-width: 1702px) 100vw, 1702px\" \/><\/a><figcaption class=\"wp-element-caption\"><strong>1. Brudermeister <br><\/strong><a href=\"mailto:raimundus1954@t-online.de\">Raimund Zimmermann<\/a><\/figcaption><\/figure>\n<\/div>\n\n\n\n<div class=\"wp-block-column is-layout-flow wp-block-column-is-layout-flow\">\n<figure class=\"wp-block-image size-full is-style-rounded\"><img loading=\"lazy\" decoding=\"async\" width=\"1702\" height=\"2560\" src=\"https:\/\/schuetzen-mehlbruch.de\/wp-content\/uploads\/2025\/11\/DSC_0108-scaled.jpg\" alt=\"\" class=\"wp-image-1954\" srcset=\"https:\/\/schuetzen-mehlbruch.de\/wp-content\/uploads\/2025\/11\/DSC_0108-scaled.jpg 1702w, https:\/\/schuetzen-mehlbruch.de\/wp-content\/uploads\/2025\/11\/DSC_0108-199x300.jpg 199w, https:\/\/schuetzen-mehlbruch.de\/wp-content\/uploads\/2025\/11\/DSC_0108-681x1024.jpg 681w, https:\/\/schuetzen-mehlbruch.de\/wp-content\/uploads\/2025\/11\/DSC_0108-768x1155.jpg 768w, https:\/\/schuetzen-mehlbruch.de\/wp-content\/uploads\/2025\/11\/DSC_0108-1021x1536.jpg 1021w, https:\/\/schuetzen-mehlbruch.de\/wp-content\/uploads\/2025\/11\/DSC_0108-1362x2048.jpg 1362w, https:\/\/schuetzen-mehlbruch.de\/wp-content\/uploads\/2025\/11\/DSC_0108-1140x1715.jpg 1140w, https:\/\/schuetzen-mehlbruch.de\/wp-content\/uploads\/2025\/11\/DSC_0108-600x902.jpg 600w, https:\/\/schuetzen-mehlbruch.de\/wp-content\/uploads\/2025\/11\/DSC_0108-1200x1805.jpg 1200w\" sizes=\"auto, (max-width: 1702px) 100vw, 1702px\" \/><figcaption class=\"wp-element-caption\"><strong>2. Brudermeister<br><\/strong>Stefan Pilgram<\/figcaption><\/figure>\n<\/div>\n\n\n\n<div class=\"wp-block-column is-layout-flow wp-block-column-is-layout-flow\">\n<figure class=\"wp-block-image size-full is-style-rounded\"><img loading=\"lazy\" decoding=\"async\" width=\"1702\" height=\"2560\" src=\"https:\/\/schuetzen-mehlbruch.de\/wp-content\/uploads\/2025\/11\/DSC_0085-scaled.jpg\" alt=\"\" class=\"wp-image-1956\" srcset=\"https:\/\/schuetzen-mehlbruch.de\/wp-content\/uploads\/2025\/11\/DSC_0085-scaled.jpg 1702w, https:\/\/schuetzen-mehlbruch.de\/wp-content\/uploads\/2025\/11\/DSC_0085-199x300.jpg 199w, https:\/\/schuetzen-mehlbruch.de\/wp-content\/uploads\/2025\/11\/DSC_0085-681x1024.jpg 681w, https:\/\/schuetzen-mehlbruch.de\/wp-content\/uploads\/2025\/11\/DSC_0085-768x1155.jpg 768w, https:\/\/schuetzen-mehlbruch.de\/wp-content\/uploads\/2025\/11\/DSC_0085-1021x1536.jpg 1021w, https:\/\/schuetzen-mehlbruch.de\/wp-content\/uploads\/2025\/11\/DSC_0085-1362x2048.jpg 1362w, https:\/\/schuetzen-mehlbruch.de\/wp-content\/uploads\/2025\/11\/DSC_0085-1140x1715.jpg 1140w, https:\/\/schuetzen-mehlbruch.de\/wp-content\/uploads\/2025\/11\/DSC_0085-600x902.jpg 600w, https:\/\/schuetzen-mehlbruch.de\/wp-content\/uploads\/2025\/11\/DSC_0085-1200x1805.jpg 1200w\" sizes=\"auto, (max-width: 1702px) 100vw, 1702px\" \/><figcaption class=\"wp-element-caption\"><strong>Adjuntant<\/strong> <br>Berthold Paeschke<\/figcaption><\/figure>\n<\/div>\n<\/div>\n<\/div>\n<\/div>\n\n\n\n<div class=\"wp-block-columns is-layout-flex wp-container-core-columns-is-layout-3 wp-block-columns-is-layout-flex\">\n<div class=\"wp-block-column is-layout-flow wp-block-column-is-layout-flow\">\n<figure class=\"wp-block-image size-full is-style-rounded\"><img loading=\"lazy\" decoding=\"async\" width=\"1702\" height=\"2560\" src=\"https:\/\/schuetzen-mehlbruch.de\/wp-content\/uploads\/2025\/11\/DSC_0103-scaled.jpg\" alt=\"\" class=\"wp-image-1957\" srcset=\"https:\/\/schuetzen-mehlbruch.de\/wp-content\/uploads\/2025\/11\/DSC_0103-scaled.jpg 1702w, https:\/\/schuetzen-mehlbruch.de\/wp-content\/uploads\/2025\/11\/DSC_0103-199x300.jpg 199w, https:\/\/schuetzen-mehlbruch.de\/wp-content\/uploads\/2025\/11\/DSC_0103-681x1024.jpg 681w, https:\/\/schuetzen-mehlbruch.de\/wp-content\/uploads\/2025\/11\/DSC_0103-768x1155.jpg 768w, https:\/\/schuetzen-mehlbruch.de\/wp-content\/uploads\/2025\/11\/DSC_0103-1021x1536.jpg 1021w, https:\/\/schuetzen-mehlbruch.de\/wp-content\/uploads\/2025\/11\/DSC_0103-1362x2048.jpg 1362w, https:\/\/schuetzen-mehlbruch.de\/wp-content\/uploads\/2025\/11\/DSC_0103-1140x1715.jpg 1140w, https:\/\/schuetzen-mehlbruch.de\/wp-content\/uploads\/2025\/11\/DSC_0103-600x902.jpg 600w, https:\/\/schuetzen-mehlbruch.de\/wp-content\/uploads\/2025\/11\/DSC_0103-1200x1805.jpg 1200w\" sizes=\"auto, (max-width: 1702px) 100vw, 1702px\" \/><figcaption class=\"wp-element-caption\"><strong>Schriftf\u00fchrer<\/strong> <br><a href=\"mailto:d.schneider-online@web.de\">Dietmar Schneider<\/a><\/figcaption><\/figure>\n<\/div>\n\n\n\n<div class=\"wp-block-column is-layout-flow wp-block-column-is-layout-flow\">\n<figure class=\"wp-block-image size-full is-style-rounded\"><img loading=\"lazy\" decoding=\"async\" width=\"1702\" height=\"2560\" src=\"https:\/\/schuetzen-mehlbruch.de\/wp-content\/uploads\/2025\/11\/DSC_0116-scaled.jpg\" alt=\"\" class=\"wp-image-1963\" srcset=\"https:\/\/schuetzen-mehlbruch.de\/wp-content\/uploads\/2025\/11\/DSC_0116-scaled.jpg 1702w, https:\/\/schuetzen-mehlbruch.de\/wp-content\/uploads\/2025\/11\/DSC_0116-199x300.jpg 199w, https:\/\/schuetzen-mehlbruch.de\/wp-content\/uploads\/2025\/11\/DSC_0116-681x1024.jpg 681w, https:\/\/schuetzen-mehlbruch.de\/wp-content\/uploads\/2025\/11\/DSC_0116-768x1155.jpg 768w, https:\/\/schuetzen-mehlbruch.de\/wp-content\/uploads\/2025\/11\/DSC_0116-1021x1536.jpg 1021w, https:\/\/schuetzen-mehlbruch.de\/wp-content\/uploads\/2025\/11\/DSC_0116-1362x2048.jpg 1362w, https:\/\/schuetzen-mehlbruch.de\/wp-content\/uploads\/2025\/11\/DSC_0116-1140x1715.jpg 1140w, https:\/\/schuetzen-mehlbruch.de\/wp-content\/uploads\/2025\/11\/DSC_0116-600x902.jpg 600w, https:\/\/schuetzen-mehlbruch.de\/wp-content\/uploads\/2025\/11\/DSC_0116-1200x1805.jpg 1200w\" sizes=\"auto, (max-width: 1702px) 100vw, 1702px\" \/><figcaption class=\"wp-element-caption\"><strong>Kassierer<\/strong> <br>Dieter G\u00f6rs<\/figcaption><\/figure>\n<\/div>\n\n\n\n<div class=\"wp-block-column is-layout-flow wp-block-column-is-layout-flow\">\n<figure class=\"wp-block-image size-full is-style-rounded\"><img loading=\"lazy\" decoding=\"async\" width=\"1702\" height=\"2560\" src=\"https:\/\/schuetzen-mehlbruch.de\/wp-content\/uploads\/2025\/11\/DSC_0088-scaled.jpg\" alt=\"\" class=\"wp-image-1958\" srcset=\"https:\/\/schuetzen-mehlbruch.de\/wp-content\/uploads\/2025\/11\/DSC_0088-scaled.jpg 1702w, https:\/\/schuetzen-mehlbruch.de\/wp-content\/uploads\/2025\/11\/DSC_0088-199x300.jpg 199w, https:\/\/schuetzen-mehlbruch.de\/wp-content\/uploads\/2025\/11\/DSC_0088-681x1024.jpg 681w, https:\/\/schuetzen-mehlbruch.de\/wp-content\/uploads\/2025\/11\/DSC_0088-768x1155.jpg 768w, https:\/\/schuetzen-mehlbruch.de\/wp-content\/uploads\/2025\/11\/DSC_0088-1021x1536.jpg 1021w, https:\/\/schuetzen-mehlbruch.de\/wp-content\/uploads\/2025\/11\/DSC_0088-1362x2048.jpg 1362w, https:\/\/schuetzen-mehlbruch.de\/wp-content\/uploads\/2025\/11\/DSC_0088-1140x1715.jpg 1140w, https:\/\/schuetzen-mehlbruch.de\/wp-content\/uploads\/2025\/11\/DSC_0088-600x902.jpg 600w, https:\/\/schuetzen-mehlbruch.de\/wp-content\/uploads\/2025\/11\/DSC_0088-1200x1805.jpg 1200w\" sizes=\"auto, (max-width: 1702px) 100vw, 1702px\" \/><figcaption class=\"wp-element-caption\"><strong>Hauptmann<\/strong> <br>Michael Bellingradt<\/figcaption><\/figure>\n<\/div>\n<\/div>\n\n\n\n<div class=\"wp-block-columns is-layout-flex wp-container-core-columns-is-layout-5 wp-block-columns-is-layout-flex\">\n<div class=\"wp-block-column is-layout-flow wp-block-column-is-layout-flow\">\n<figure class=\"wp-block-image size-full is-style-rounded\"><img loading=\"lazy\" decoding=\"async\" width=\"1702\" height=\"2560\" src=\"https:\/\/schuetzen-mehlbruch.de\/wp-content\/uploads\/2025\/11\/DSC_0110-scaled.jpg\" alt=\"\" class=\"wp-image-1959\" srcset=\"https:\/\/schuetzen-mehlbruch.de\/wp-content\/uploads\/2025\/11\/DSC_0110-scaled.jpg 1702w, https:\/\/schuetzen-mehlbruch.de\/wp-content\/uploads\/2025\/11\/DSC_0110-199x300.jpg 199w, https:\/\/schuetzen-mehlbruch.de\/wp-content\/uploads\/2025\/11\/DSC_0110-681x1024.jpg 681w, https:\/\/schuetzen-mehlbruch.de\/wp-content\/uploads\/2025\/11\/DSC_0110-768x1155.jpg 768w, https:\/\/schuetzen-mehlbruch.de\/wp-content\/uploads\/2025\/11\/DSC_0110-1021x1536.jpg 1021w, https:\/\/schuetzen-mehlbruch.de\/wp-content\/uploads\/2025\/11\/DSC_0110-1362x2048.jpg 1362w, https:\/\/schuetzen-mehlbruch.de\/wp-content\/uploads\/2025\/11\/DSC_0110-1140x1715.jpg 1140w, https:\/\/schuetzen-mehlbruch.de\/wp-content\/uploads\/2025\/11\/DSC_0110-600x902.jpg 600w, https:\/\/schuetzen-mehlbruch.de\/wp-content\/uploads\/2025\/11\/DSC_0110-1200x1805.jpg 1200w\" sizes=\"auto, (max-width: 1702px) 100vw, 1702px\" \/><figcaption class=\"wp-element-caption\"><strong>F\u00e4hnrich<\/strong> <br>Johann Schwan<\/figcaption><\/figure>\n<\/div>\n\n\n\n<div class=\"wp-block-column is-layout-flow wp-block-column-is-layout-flow\">\n<div class=\"wp-block-columns is-layout-flex wp-container-core-columns-is-layout-4 wp-block-columns-is-layout-flex\">\n<div class=\"wp-block-column is-layout-flow wp-block-column-is-layout-flow\">\n<figure class=\"wp-block-image size-full is-style-rounded\"><img loading=\"lazy\" decoding=\"async\" width=\"1702\" height=\"2560\" src=\"https:\/\/schuetzen-mehlbruch.de\/wp-content\/uploads\/2026\/01\/DSC_0119-scaled.jpg\" alt=\"\" class=\"wp-image-2033\" srcset=\"https:\/\/schuetzen-mehlbruch.de\/wp-content\/uploads\/2026\/01\/DSC_0119-scaled.jpg 1702w, https:\/\/schuetzen-mehlbruch.de\/wp-content\/uploads\/2026\/01\/DSC_0119-199x300.jpg 199w, https:\/\/schuetzen-mehlbruch.de\/wp-content\/uploads\/2026\/01\/DSC_0119-681x1024.jpg 681w, https:\/\/schuetzen-mehlbruch.de\/wp-content\/uploads\/2026\/01\/DSC_0119-768x1155.jpg 768w, https:\/\/schuetzen-mehlbruch.de\/wp-content\/uploads\/2026\/01\/DSC_0119-1021x1536.jpg 1021w, https:\/\/schuetzen-mehlbruch.de\/wp-content\/uploads\/2026\/01\/DSC_0119-1362x2048.jpg 1362w, https:\/\/schuetzen-mehlbruch.de\/wp-content\/uploads\/2026\/01\/DSC_0119-1140x1715.jpg 1140w, https:\/\/schuetzen-mehlbruch.de\/wp-content\/uploads\/2026\/01\/DSC_0119-600x902.jpg 600w, https:\/\/schuetzen-mehlbruch.de\/wp-content\/uploads\/2026\/01\/DSC_0119-1200x1805.jpg 1200w\" sizes=\"auto, (max-width: 1702px) 100vw, 1702px\" \/><figcaption class=\"wp-element-caption\"><strong>Jungsch\u00fctzenmeister<\/strong><br>Sascha Uebber<\/figcaption><\/figure>\n<\/div>\n<\/div>\n<\/div>\n\n\n\n<div class=\"wp-block-column is-layout-flow wp-block-column-is-layout-flow\">\n<figure class=\"wp-block-image size-full is-style-rounded\"><img loading=\"lazy\" decoding=\"async\" width=\"1702\" height=\"2560\" src=\"https:\/\/schuetzen-mehlbruch.de\/wp-content\/uploads\/2025\/11\/DSC_0098-scaled.jpg\" alt=\"\" class=\"wp-image-1961\" srcset=\"https:\/\/schuetzen-mehlbruch.de\/wp-content\/uploads\/2025\/11\/DSC_0098-scaled.jpg 1702w, https:\/\/schuetzen-mehlbruch.de\/wp-content\/uploads\/2025\/11\/DSC_0098-199x300.jpg 199w, https:\/\/schuetzen-mehlbruch.de\/wp-content\/uploads\/2025\/11\/DSC_0098-681x1024.jpg 681w, https:\/\/schuetzen-mehlbruch.de\/wp-content\/uploads\/2025\/11\/DSC_0098-768x1155.jpg 768w, https:\/\/schuetzen-mehlbruch.de\/wp-content\/uploads\/2025\/11\/DSC_0098-1021x1536.jpg 1021w, https:\/\/schuetzen-mehlbruch.de\/wp-content\/uploads\/2025\/11\/DSC_0098-1362x2048.jpg 1362w, https:\/\/schuetzen-mehlbruch.de\/wp-content\/uploads\/2025\/11\/DSC_0098-1140x1715.jpg 1140w, https:\/\/schuetzen-mehlbruch.de\/wp-content\/uploads\/2025\/11\/DSC_0098-600x902.jpg 600w, https:\/\/schuetzen-mehlbruch.de\/wp-content\/uploads\/2025\/11\/DSC_0098-1200x1805.jpg 1200w\" sizes=\"auto, (max-width: 1702px) 100vw, 1702px\" \/><figcaption class=\"wp-element-caption\"><strong>K\u00f6nig<\/strong><br>Paul Abrams<\/figcaption><\/figure>\n<\/div>\n<\/div>\n\n\n\n<h2 class=\"wp-block-heading\">Dem erweiterten Vorstand geh\u00f6ren folgende Sch\u00fctzen an:<\/h2>\n\n\n\n<p><strong>der 2. Schriftf\u00fchrer<\/strong><br><a href=\"mailto:uebber.daniel@gmail.com\">Daniel Uebber (Pressekontakt via E-Mail)<\/a><\/p>\n\n\n\n<p><\/p>\n\n\n\n<p><strong>der 2. Kassierer<\/strong><br>Helmut Schneider<\/p>\n\n\n\n<p><\/p>\n\n\n\n<p><strong>die 2. Jungsch\u00fctzenmeisterin<\/strong><br>Janine Peaschke<\/p>\n\n\n\n<p><\/p>\n\n\n\n<p><strong>die Schie\u00dfleiter<\/strong><br>Alexander Scherf (Teamleader)<br>Anna-Lena Schneider (Teamleader)<br>Saskia Moes (Teamleader)<br>Hansi Schwan<br>Dietmar Otto<br>Rainer Poek<br>Patrick Elsholz<br>Michael Bellingradt<br>Max Lang<\/p>\n\n\n\n<p><\/p>\n\n\n\n<p><strong>die Unterkassierer<\/strong><br>Helmut Schneider<\/p>\n\n\n\n<p><\/p>\n\n\n\n<p><strong>die F\u00e4hnriche<\/strong><br>Johann Schwan<br>Fabian G\u00f6rs<br>Michael Maus<br>Jan-Kevin Schneider<\/p>\n\n\n\n<p><\/p>\n\n\n\n<p><\/p>\n\n\n\n<p><strong>die Beiratsmitglieder<\/strong><br>Michael Bellingradt<br>Patrick Elsholz<br>Oliver Gr\u00f6ning<br>Stefan Jonen<br>Dietmar Schneider<br>Roman Schultes<br>Kevin Schrauzer<\/p>\n\n\n\n<p><\/p>\n\n\n\n<p><strong>die Minister<\/strong><br>vakant<\/p>\n\n\n\n<p><\/p>\n\n\n\n<p><strong>der Ehrenbrudermeister<\/strong><br>Rainer Maus<\/p>\n\n\n\n<p><\/p>\n\n\n\n<p><strong>die Ehrenmitglieder<\/strong><br>Jakob Gladbach <br>Heinz Wirtz<br>Dietmar Otto<br>J\u00fcrgen Splawski<\/p>\n\n\n\n<p><\/p>\n\n\n\n<p><\/p>\n","protected":false},"excerpt":{"rendered":"<p>Dem erweiterten Vorstand geh\u00f6ren folgende Sch\u00fctzen an: der 2. Schriftf\u00fchrerDaniel Uebber (Pressekontakt via E-Mail) der 2. KassiererHelmut Schneider die 2. Jungsch\u00fctzenmeisterinJanine Peaschke die Schie\u00dfleiterAlexander Scherf (Teamleader)Anna-Lena Schneider (Teamleader)Saskia Moes (Teamleader)Hansi SchwanDietmar OttoRainer PoekPatrick ElsholzMichael BellingradtMax Lang die UnterkassiererHelmut Schneider die F\u00e4hnricheJohann SchwanFabian G\u00f6rsMichael MausJan-Kevin Schneider die BeiratsmitgliederMichael BellingradtPatrick ElsholzOliver Gr\u00f6ningStefan JonenDietmar SchneiderRoman SchultesKevin Schrauzer die Ministervakant der EhrenbrudermeisterRainer Maus die EhrenmitgliederJakob Gladbach Heinz WirtzDietmar OttoJ\u00fcrgen Splawski<\/p>\n","protected":false},"author":1,"featured_media":0,"parent":0,"menu_order":0,"comment_status":"closed","ping_status":"closed","template":"","meta":{"footnotes":""},"class_list":["post-418","page","type-page","status-publish","hentry"],"featured_media_urls":[],"_links":{"self":[{"href":"https:\/\/schuetzen-mehlbruch.de\/index.php?rest_route=\/wp\/v2\/pages\/418","targetHints":{"allow":["GET"]}}],"collection":[{"href":"https:\/\/schuetzen-mehlbruch.de\/index.php?rest_route=\/wp\/v2\/pages"}],"about":[{"href":"https:\/\/schuetzen-mehlbruch.de\/index.php?rest_route=\/wp\/v2\/types\/page"}],"author":[{"embeddable":true,"href":"https:\/\/schuetzen-mehlbruch.de\/index.php?rest_route=\/wp\/v2\/users\/1"}],"replies":[{"embeddable":true,"href":"https:\/\/schuetzen-mehlbruch.de\/index.php?rest_route=%2Fwp%2Fv2%2Fcomments&post=418"}],"version-history":[{"count":30,"href":"https:\/\/schuetzen-mehlbruch.de\/index.php?rest_route=\/wp\/v2\/pages\/418\/revisions"}],"predecessor-version":[{"id":2067,"href":"https:\/\/schuetzen-mehlbruch.de\/index.php?rest_route=\/wp\/v2\/pages\/418\/revisions\/2067"}],"wp:attachment":[{"href":"https:\/\/schuetzen-mehlbruch.de\/index.php?rest_route=%2Fwp%2Fv2%2Fmedia&parent=418"}],"curies":[{"name":"wp","href":"https:\/\/api.w.org\/{rel}","templated":true}]}}